{"id":7,"date":"2022-09-24T22:00:13","date_gmt":"2022-09-24T22:00:13","guid":{"rendered":"https:\/\/sextocartorio.com.br\/?page_id=7"},"modified":"2022-09-24T22:00:13","modified_gmt":"2022-09-24T22:00:13","slug":"blog","status":"publish","type":"page","link":"https:\/\/sextocartorio.com.br\/?page_id=7","title":{"rendered":"Blog"},"content":{"rendered":"","protected":false},"excerpt":{"rendered":"","protected":false},"author":1,"featured_media":0,"parent":0,"menu_order":0,"comment_status":"closed","ping_status":"closed","template":"","meta":[],"yoast_head":"<!-- This site is optimized with the Yoast SEO plugin v19.7.1 - https:\/\/yoast.com\/wordpress\/plugins\/seo\/ -->\n<title>Blog - Sexta Tabeli\u00e3 de Notas de Santo Andr\u00e9\/SP<\/title>\n<meta name=\"robots\" content=\"index, follow, max-snippet:-1, max-image-preview:large, max-video-preview:-1\" \/>\n<link rel=\"canonical\" href=\"https:\/\/sextocartorio.com.br\/?page_id=7\" \/>\n<meta property=\"og:locale\" content=\"pt_BR\" \/>\n<meta property=\"og:type\" content=\"article\" \/>\n<meta property=\"og:title\" content=\"Blog - Sexta Tabeli\u00e3 de Notas de Santo Andr\u00e9\/SP\" \/>\n<meta property=\"og:url\" content=\"https:\/\/sextocartorio.com.br\/?page_id=7\" \/>\n<meta property=\"og:site_name\" content=\"Sexta Tabeli\u00e3 de Notas de Santo Andr\u00e9\/SP\" \/>\n<meta property=\"article:publisher\" content=\"https:\/\/facebook.com\/gentilsextotabeliao\" \/>\n<meta name=\"twitter:card\" content=\"summary_large_image\" \/>\n<meta name=\"twitter:site\" content=\"@gentil6tabSA\" \/>\n<script type=\"application\/ld+json\" class=\"yoast-schema-graph\">{\"@context\":\"https:\/\/schema.org\",\"@graph\":[{\"@type\":[\"WebPage\",\"CollectionPage\"],\"@id\":\"https:\/\/sextocartorio.com.br\/?page_id=7\",\"url\":\"https:\/\/sextocartorio.com.br\/?page_id=7\",\"name\":\"Blog - Sexta Tabeli\u00e3 de Notas de Santo Andr\u00e9\/SP\",\"isPartOf\":{\"@id\":\"https:\/\/sextocartorio.com.br\/#website\"},\"datePublished\":\"2022-09-24T22:00:13+00:00\",\"dateModified\":\"2022-09-24T22:00:13+00:00\",\"breadcrumb\":{\"@id\":\"https:\/\/sextocartorio.com.br\/?page_id=7#breadcrumb\"},\"inLanguage\":\"pt-BR\"},{\"@type\":\"BreadcrumbList\",\"@id\":\"https:\/\/sextocartorio.com.br\/?page_id=7#breadcrumb\",\"itemListElement\":[{\"@type\":\"ListItem\",\"position\":1,\"name\":\"In\u00edcio\",\"item\":\"https:\/\/sextocartorio.com.br\/\"},{\"@type\":\"ListItem\",\"position\":2,\"name\":\"Blog\"}]},{\"@type\":\"WebSite\",\"@id\":\"https:\/\/sextocartorio.com.br\/#website\",\"url\":\"https:\/\/sextocartorio.com.br\/\",\"name\":\"Sexta Tabeli\u00e3 de Notas de Santo Andr\u00e9\/SP\",\"description\":\"Servi\u00e7os Notariais, Certifica\u00e7\u00e3o Digital e Apostila da Haia\",\"publisher\":{\"@id\":\"https:\/\/sextocartorio.com.br\/#organization\"},\"potentialAction\":[{\"@type\":\"SearchAction\",\"target\":{\"@type\":\"EntryPoint\",\"urlTemplate\":\"https:\/\/sextocartorio.com.br\/?s={search_term_string}\"},\"query-input\":\"required name=search_term_string\"}],\"inLanguage\":\"pt-BR\"},{\"@type\":\"Organization\",\"@id\":\"https:\/\/sextocartorio.com.br\/#organization\",\"name\":\"Sexta Tabeli\u00e3 de Notas de Santo Andr\u00e9\/SP\",\"url\":\"https:\/\/sextocartorio.com.br\/\",\"sameAs\":[\"https:\/\/www.instagram.com\/gentilsextotabeliao\/\",\"https:\/\/facebook.com\/gentilsextotabeliao\",\"https:\/\/twitter.com\/gentil6tabSA\"],\"logo\":{\"@type\":\"ImageObject\",\"inLanguage\":\"pt-BR\",\"@id\":\"https:\/\/sextocartorio.com.br\/#\/schema\/logo\/image\/\",\"url\":\"https:\/\/sextocartorio.com.br\/wp-content\/uploads\/2022\/09\/GENTIL.png\",\"contentUrl\":\"https:\/\/sextocartorio.com.br\/wp-content\/uploads\/2022\/09\/GENTIL.png\",\"width\":1119,\"height\":289,\"caption\":\"Sexta Tabeli\u00e3 de Notas de Santo Andr\u00e9\/SP\"},\"image\":{\"@id\":\"https:\/\/sextocartorio.com.br\/#\/schema\/logo\/image\/\"}}]}<\/script>\n<!-- \/ Yoast SEO plugin. -->","yoast_head_json":{"title":"Blog - Sexta Tabeli\u00e3 de Notas de Santo Andr\u00e9\/SP","robots":{"index":"index","follow":"follow","max-snippet":"max-snippet:-1","max-image-preview":"max-image-preview:large","max-video-preview":"max-video-preview:-1"},"canonical":"https:\/\/sextocartorio.com.br\/?page_id=7","og_locale":"pt_BR","og_type":"article","og_title":"Blog - Sexta Tabeli\u00e3 de Notas de Santo Andr\u00e9\/SP","og_url":"https:\/\/sextocartorio.com.br\/?page_id=7","og_site_name":"Sexta Tabeli\u00e3 de Notas de Santo Andr\u00e9\/SP","article_publisher":"https:\/\/facebook.com\/gentilsextotabeliao","twitter_card":"summary_large_image","twitter_site":"@gentil6tabSA","schema":{"@context":"https:\/\/schema.org","@graph":[{"@type":["WebPage","CollectionPage"],"@id":"https:\/\/sextocartorio.com.br\/?page_id=7","url":"https:\/\/sextocartorio.com.br\/?page_id=7","name":"Blog - Sexta Tabeli\u00e3 de Notas de Santo Andr\u00e9\/SP","isPartOf":{"@id":"https:\/\/sextocartorio.com.br\/#website"},"datePublished":"2022-09-24T22:00:13+00:00","dateModified":"2022-09-24T22:00:13+00:00","breadcrumb":{"@id":"https:\/\/sextocartorio.com.br\/?page_id=7#breadcrumb"},"inLanguage":"pt-BR"},{"@type":"BreadcrumbList","@id":"https:\/\/sextocartorio.com.br\/?page_id=7#breadcrumb","itemListElement":[{"@type":"ListItem","position":1,"name":"In\u00edcio","item":"https:\/\/sextocartorio.com.br\/"},{"@type":"ListItem","position":2,"name":"Blog"}]},{"@type":"WebSite","@id":"https:\/\/sextocartorio.com.br\/#website","url":"https:\/\/sextocartorio.com.br\/","name":"Sexta Tabeli\u00e3 de Notas de Santo Andr\u00e9\/SP","description":"Servi\u00e7os Notariais, Certifica\u00e7\u00e3o Digital e Apostila da Haia","publisher":{"@id":"https:\/\/sextocartorio.com.br\/#organization"},"potentialAction":[{"@type":"SearchAction","target":{"@type":"EntryPoint","urlTemplate":"https:\/\/sextocartorio.com.br\/?s={search_term_string}"},"query-input":"required name=search_term_string"}],"inLanguage":"pt-BR"},{"@type":"Organization","@id":"https:\/\/sextocartorio.com.br\/#organization","name":"Sexta Tabeli\u00e3 de Notas de Santo Andr\u00e9\/SP","url":"https:\/\/sextocartorio.com.br\/","sameAs":["https:\/\/www.instagram.com\/gentilsextotabeliao\/","https:\/\/facebook.com\/gentilsextotabeliao","https:\/\/twitter.com\/gentil6tabSA"],"logo":{"@type":"ImageObject","inLanguage":"pt-BR","@id":"https:\/\/sextocartorio.com.br\/#\/schema\/logo\/image\/","url":"https:\/\/sextocartorio.com.br\/wp-content\/uploads\/2022\/09\/GENTIL.png","contentUrl":"https:\/\/sextocartorio.com.br\/wp-content\/uploads\/2022\/09\/GENTIL.png","width":1119,"height":289,"caption":"Sexta Tabeli\u00e3 de Notas de Santo Andr\u00e9\/SP"},"image":{"@id":"https:\/\/sextocartorio.com.br\/#\/schema\/logo\/image\/"}}]}},"_links":{"self":[{"href":"https:\/\/sextocartorio.com.br\/index.php?rest_route=\/wp\/v2\/pages\/7"}],"collection":[{"href":"https:\/\/sextocartorio.com.br\/index.php?rest_route=\/wp\/v2\/pages"}],"about":[{"href":"https:\/\/sextocartorio.com.br\/index.php?rest_route=\/wp\/v2\/types\/page"}],"author":[{"embeddable":true,"href":"https:\/\/sextocartorio.com.br\/index.php?rest_route=\/wp\/v2\/users\/1"}],"replies":[{"embeddable":true,"href":"https:\/\/sextocartorio.com.br\/index.php?rest_route=%2Fwp%2Fv2%2Fcomments&post=7"}],"version-history":[{"count":0,"href":"https:\/\/sextocartorio.com.br\/index.php?rest_route=\/wp\/v2\/pages\/7\/revisions"}],"wp:attachment":[{"href":"https:\/\/sextocartorio.com.br\/index.php?rest_route=%2Fwp%2Fv2%2Fmedia&parent=7"}],"curies":[{"name":"wp","href":"https:\/\/api.w.org\/{rel}","templated":true}]}}